{"id":301,"date":"2023-08-30T19:14:37","date_gmt":"2023-08-30T19:14:37","guid":{"rendered":"https:\/\/accessiblework.ca\/?page_id=301"},"modified":"2023-10-22T21:08:04","modified_gmt":"2023-10-22T21:08:04","slug":"commencons-ensemble","status":"publish","type":"page","link":"https:\/\/accessiblework.ca\/fr\/commencons-ensemble\/","title":{"rendered":"Commen\u00e7ons ensemble"},"content":{"rendered":"\t\t<div data-elementor-type=\"wp-page\" data-elementor-id=\"301\" class=\"elementor elementor-301 elementor-71\" data-elementor-post-type=\"page\">\n\t\t\t\t\t\t<section class=\"elementor-section elementor-top-section elementor-element elementor-element-9ade70d elementor-section-boxed elementor-section-height-default elementor-section-height-default\" data-id=\"9ade70d\" data-element_type=\"section\" data-e-type=\"section\">\n\t\t\t\t\t\t<div class=\"elementor-container elementor-column-gap-default\">\n\t\t\t\t\t<div class=\"elementor-column elementor-col-100 elementor-top-column elementor-element elementor-element-640b678 default-page-header\" data-id=\"640b678\" data-element_type=\"column\" data-e-type=\"column\" data-settings=\"{&quot;background_background&quot;:&quot;classic&quot;}\">\n\t\t\t<div class=\"elementor-widget-wrap elementor-element-populated\">\n\t\t\t\t\t\t<div class=\"elementor-element elementor-element-e31558c animated-slow elementor-widget elementor-widget-heading\" data-id=\"e31558c\" data-element_type=\"widget\" data-e-type=\"widget\" data-settings=\"{&quot;_animation&quot;:&quot;none&quot;}\" data-widget_type=\"heading.default\">\n\t\t\t\t<div class=\"elementor-widget-container\">\n\t\t\t\t\t<h1 class=\"elementor-heading-title elementor-size-default\">Commen\u00e7ons ensemble.<\/h1>\t\t\t\t<\/div>\n\t\t\t\t<\/div>\n\t\t\t\t<div class=\"elementor-element elementor-element-ad41a06 elementor-widget__width-inherit default-page-header--desc animated-slow elementor-widget elementor-widget-text-editor\" data-id=\"ad41a06\" data-element_type=\"widget\" data-e-type=\"widget\" data-settings=\"{&quot;_animation&quot;:&quot;none&quot;}\" data-widget_type=\"text-editor.default\">\n\t\t\t\t<div class=\"elementor-widget-container\">\n\t\t\t\t\t\t\t\t\t<p>Contactez l&rsquo;\u00e9quipe des Services d&#8217;emploi accessibles et nous trouverons un moment pour vous joindre et vous apporter le soutien dont vous avez besoin.<\/p><p style=\"text-align: center;\">Communiquez avec nous directement au 647-956-8310 ou trouvez un moment pour que nous vous appelions :<\/p>\t\t\t\t\t\t\t\t<\/div>\n\t\t\t\t<\/div>\n\t\t\t\t<div class=\"elementor-element elementor-element-ef31b00 getstarted elementor-widget__width-inherit elementor-widget elementor-widget-html\" data-id=\"ef31b00\" data-element_type=\"widget\" data-e-type=\"widget\" data-widget_type=\"html.default\">\n\t\t\t\t<div class=\"elementor-widget-container\">\n\t\t\t\t\t<iframe src='https:\/\/outlook.office365.com\/owa\/calendar\/SCIOEmploymentServices@sciontario.org\/bookings\/' width='100%' height='100%' scrolling='yes' style='border:0'><\/iframe>\t\t\t\t<\/div>\n\t\t\t\t<\/div>\n\t\t\t\t\t<\/div>\n\t\t<\/div>\n\t\t\t\t\t<\/div>\n\t\t<\/section>\n\t\t\t\t<\/div>\n\t\t","protected":false},"excerpt":{"rendered":"<p>Commen\u00e7ons ensemble. Contactez l&rsquo;\u00e9quipe des Services d&#8217;emploi accessibles et nous trouverons un moment pour vous joindre et vous apporter le soutien dont vous avez besoin. Communiquez avec nous directement au 647-956-8310 ou trouvez un moment pour que nous vous appelions :<\/p>\n","protected":false},"author":6,"featured_media":0,"parent":0,"menu_order":0,"comment_status":"closed","ping_status":"closed","template":"","meta":{"footnotes":""},"class_list":["post-301","page","type-page","status-publish","hentry"],"yoast_head":"<!-- This site is optimized with the Yoast SEO plugin v27.3 - https:\/\/yoast.com\/product\/yoast-seo-wordpress\/ -->\n<title>Commen\u00e7ons ensemble - Accessible Employment Services<\/title>\n<meta name=\"robots\" content=\"index, follow, max-snippet:-1, max-image-preview:large, max-video-preview:-1\" \/>\n<link rel=\"canonical\" href=\"https:\/\/accessiblework.ca\/fr\/commencons-ensemble\/\" \/>\n<meta property=\"og:locale\" content=\"fr_FR\" \/>\n<meta property=\"og:type\" content=\"article\" \/>\n<meta property=\"og:title\" content=\"Commen\u00e7ons ensemble - Accessible Employment Services\" \/>\n<meta property=\"og:description\" content=\"Commen\u00e7ons ensemble. Contactez l&rsquo;\u00e9quipe des Services d&#8217;emploi accessibles et nous trouverons un moment pour vous joindre et vous apporter le soutien dont vous avez besoin. Communiquez avec nous directement au 647-956-8310 ou trouvez un moment pour que nous vous appelions :\" \/>\n<meta property=\"og:url\" content=\"https:\/\/accessiblework.ca\/fr\/commencons-ensemble\/\" \/>\n<meta property=\"og:site_name\" content=\"Accessible Employment Services\" \/>\n<meta property=\"article:modified_time\" content=\"2023-10-22T21:08:04+00:00\" \/>\n<meta name=\"twitter:card\" content=\"summary_large_image\" \/>\n<meta name=\"twitter:label1\" content=\"Dur\u00e9e de lecture estim\u00e9e\" \/>\n\t<meta name=\"twitter:data1\" content=\"1 minute\" \/>\n<script type=\"application\/ld+json\" class=\"yoast-schema-graph\">{\"@context\":\"https:\\\/\\\/schema.org\",\"@graph\":[{\"@type\":\"WebPage\",\"@id\":\"https:\\\/\\\/accessiblework.ca\\\/fr\\\/commencons-ensemble\\\/\",\"url\":\"https:\\\/\\\/accessiblework.ca\\\/fr\\\/commencons-ensemble\\\/\",\"name\":\"Commen\u00e7ons ensemble - Accessible Employment Services\",\"isPartOf\":{\"@id\":\"https:\\\/\\\/accessiblework.ca\\\/fr\\\/#website\"},\"datePublished\":\"2023-08-30T19:14:37+00:00\",\"dateModified\":\"2023-10-22T21:08:04+00:00\",\"breadcrumb\":{\"@id\":\"https:\\\/\\\/accessiblework.ca\\\/fr\\\/commencons-ensemble\\\/#breadcrumb\"},\"inLanguage\":\"fr-FR\",\"potentialAction\":[{\"@type\":\"ReadAction\",\"target\":[\"https:\\\/\\\/accessiblework.ca\\\/fr\\\/commencons-ensemble\\\/\"]}]},{\"@type\":\"BreadcrumbList\",\"@id\":\"https:\\\/\\\/accessiblework.ca\\\/fr\\\/commencons-ensemble\\\/#breadcrumb\",\"itemListElement\":[{\"@type\":\"ListItem\",\"position\":1,\"name\":\"Home\",\"item\":\"https:\\\/\\\/accessiblework.ca\\\/fr\\\/services-demploi-accessibles\\\/\"},{\"@type\":\"ListItem\",\"position\":2,\"name\":\"Commen\u00e7ons ensemble\"}]},{\"@type\":\"WebSite\",\"@id\":\"https:\\\/\\\/accessiblework.ca\\\/fr\\\/#website\",\"url\":\"https:\\\/\\\/accessiblework.ca\\\/fr\\\/\",\"name\":\"Accessible Employment Services\",\"description\":\"\",\"publisher\":{\"@id\":\"https:\\\/\\\/accessiblework.ca\\\/fr\\\/#organization\"},\"potentialAction\":[{\"@type\":\"SearchAction\",\"target\":{\"@type\":\"EntryPoint\",\"urlTemplate\":\"https:\\\/\\\/accessiblework.ca\\\/fr\\\/?s={search_term_string}\"},\"query-input\":{\"@type\":\"PropertyValueSpecification\",\"valueRequired\":true,\"valueName\":\"search_term_string\"}}],\"inLanguage\":\"fr-FR\"},{\"@type\":\"Organization\",\"@id\":\"https:\\\/\\\/accessiblework.ca\\\/fr\\\/#organization\",\"name\":\"Accessible Employment Services\",\"url\":\"https:\\\/\\\/accessiblework.ca\\\/fr\\\/\",\"logo\":{\"@type\":\"ImageObject\",\"inLanguage\":\"fr-FR\",\"@id\":\"https:\\\/\\\/accessiblework.ca\\\/fr\\\/#\\\/schema\\\/logo\\\/image\\\/\",\"url\":\"https:\\\/\\\/accessiblework.ca\\\/wp-content\\\/uploads\\\/2023\\\/07\\\/des-logo-3-1.svg\",\"contentUrl\":\"https:\\\/\\\/accessiblework.ca\\\/wp-content\\\/uploads\\\/2023\\\/07\\\/des-logo-3-1.svg\",\"width\":1920,\"height\":512,\"caption\":\"Accessible Employment Services\"},\"image\":{\"@id\":\"https:\\\/\\\/accessiblework.ca\\\/fr\\\/#\\\/schema\\\/logo\\\/image\\\/\"}}]}<\/script>\n<!-- \/ Yoast SEO plugin. -->","yoast_head_json":{"title":"Commen\u00e7ons ensemble - Accessible Employment Services","robots":{"index":"index","follow":"follow","max-snippet":"max-snippet:-1","max-image-preview":"max-image-preview:large","max-video-preview":"max-video-preview:-1"},"canonical":"https:\/\/accessiblework.ca\/fr\/commencons-ensemble\/","og_locale":"fr_FR","og_type":"article","og_title":"Commen\u00e7ons ensemble - Accessible Employment Services","og_description":"Commen\u00e7ons ensemble. Contactez l&rsquo;\u00e9quipe des Services d&#8217;emploi accessibles et nous trouverons un moment pour vous joindre et vous apporter le soutien dont vous avez besoin. Communiquez avec nous directement au 647-956-8310 ou trouvez un moment pour que nous vous appelions :","og_url":"https:\/\/accessiblework.ca\/fr\/commencons-ensemble\/","og_site_name":"Accessible Employment Services","article_modified_time":"2023-10-22T21:08:04+00:00","twitter_card":"summary_large_image","twitter_misc":{"Dur\u00e9e de lecture estim\u00e9e":"1 minute"},"schema":{"@context":"https:\/\/schema.org","@graph":[{"@type":"WebPage","@id":"https:\/\/accessiblework.ca\/fr\/commencons-ensemble\/","url":"https:\/\/accessiblework.ca\/fr\/commencons-ensemble\/","name":"Commen\u00e7ons ensemble - Accessible Employment Services","isPartOf":{"@id":"https:\/\/accessiblework.ca\/fr\/#website"},"datePublished":"2023-08-30T19:14:37+00:00","dateModified":"2023-10-22T21:08:04+00:00","breadcrumb":{"@id":"https:\/\/accessiblework.ca\/fr\/commencons-ensemble\/#breadcrumb"},"inLanguage":"fr-FR","potentialAction":[{"@type":"ReadAction","target":["https:\/\/accessiblework.ca\/fr\/commencons-ensemble\/"]}]},{"@type":"BreadcrumbList","@id":"https:\/\/accessiblework.ca\/fr\/commencons-ensemble\/#breadcrumb","itemListElement":[{"@type":"ListItem","position":1,"name":"Home","item":"https:\/\/accessiblework.ca\/fr\/services-demploi-accessibles\/"},{"@type":"ListItem","position":2,"name":"Commen\u00e7ons ensemble"}]},{"@type":"WebSite","@id":"https:\/\/accessiblework.ca\/fr\/#website","url":"https:\/\/accessiblework.ca\/fr\/","name":"Accessible Employment Services","description":"","publisher":{"@id":"https:\/\/accessiblework.ca\/fr\/#organization"},"potentialAction":[{"@type":"SearchAction","target":{"@type":"EntryPoint","urlTemplate":"https:\/\/accessiblework.ca\/fr\/?s={search_term_string}"},"query-input":{"@type":"PropertyValueSpecification","valueRequired":true,"valueName":"search_term_string"}}],"inLanguage":"fr-FR"},{"@type":"Organization","@id":"https:\/\/accessiblework.ca\/fr\/#organization","name":"Accessible Employment Services","url":"https:\/\/accessiblework.ca\/fr\/","logo":{"@type":"ImageObject","inLanguage":"fr-FR","@id":"https:\/\/accessiblework.ca\/fr\/#\/schema\/logo\/image\/","url":"https:\/\/accessiblework.ca\/wp-content\/uploads\/2023\/07\/des-logo-3-1.svg","contentUrl":"https:\/\/accessiblework.ca\/wp-content\/uploads\/2023\/07\/des-logo-3-1.svg","width":1920,"height":512,"caption":"Accessible Employment Services"},"image":{"@id":"https:\/\/accessiblework.ca\/fr\/#\/schema\/logo\/image\/"}}]}},"_links":{"self":[{"href":"https:\/\/accessiblework.ca\/fr\/wp-json\/wp\/v2\/pages\/301","targetHints":{"allow":["GET"]}}],"collection":[{"href":"https:\/\/accessiblework.ca\/fr\/wp-json\/wp\/v2\/pages"}],"about":[{"href":"https:\/\/accessiblework.ca\/fr\/wp-json\/wp\/v2\/types\/page"}],"author":[{"embeddable":true,"href":"https:\/\/accessiblework.ca\/fr\/wp-json\/wp\/v2\/users\/6"}],"replies":[{"embeddable":true,"href":"https:\/\/accessiblework.ca\/fr\/wp-json\/wp\/v2\/comments?post=301"}],"version-history":[{"count":0,"href":"https:\/\/accessiblework.ca\/fr\/wp-json\/wp\/v2\/pages\/301\/revisions"}],"wp:attachment":[{"href":"https:\/\/accessiblework.ca\/fr\/wp-json\/wp\/v2\/media?parent=301"}],"curies":[{"name":"wp","href":"https:\/\/api.w.org\/{rel}","templated":true}]}}