{"id":298,"date":"2023-08-30T18:17:19","date_gmt":"2023-08-30T18:17:19","guid":{"rendered":"https:\/\/accessiblework.ca\/?page_id=298"},"modified":"2025-05-16T19:50:05","modified_gmt":"2025-05-16T19:50:05","slug":"employeurs","status":"publish","type":"page","link":"https:\/\/accessiblework.ca\/fr\/employeurs\/","title":{"rendered":"Employeurs"},"content":{"rendered":"\t\t<div data-elementor-type=\"wp-page\" data-elementor-id=\"298\" class=\"elementor elementor-298 elementor-60\" data-elementor-post-type=\"page\">\n\t\t\t\t\t\t<section class=\"elementor-section elementor-top-section elementor-element elementor-element-2636c56 page-hero--img elementor-section-boxed elementor-section-height-default elementor-section-height-default\" data-id=\"2636c56\" data-element_type=\"section\" data-e-type=\"section\">\n\t\t\t\t\t\t<div class=\"elementor-container elementor-column-gap-no\">\n\t\t\t\t\t<div class=\"elementor-column elementor-col-100 elementor-top-column elementor-element elementor-element-3fa70fb\" data-id=\"3fa70fb\" data-element_type=\"column\" data-e-type=\"column\">\n\t\t\t<div class=\"elementor-widget-wrap elementor-element-populated\">\n\t\t\t\t\t\t<section class=\"elementor-section elementor-inner-section elementor-element elementor-element-84cc1d5 elementor-section-content-middle elementor-section-boxed elementor-section-height-default elementor-section-height-default\" data-id=\"84cc1d5\" data-element_type=\"section\" data-e-type=\"section\" data-settings=\"{&quot;background_background&quot;:&quot;classic&quot;}\">\n\t\t\t\t\t\t<div class=\"elementor-container elementor-column-gap-no\">\n\t\t\t\t\t<div class=\"elementor-column elementor-col-50 elementor-inner-column elementor-element elementor-element-45ef85a\" data-id=\"45ef85a\" data-element_type=\"column\" data-e-type=\"column\">\n\t\t\t<div class=\"elementor-widget-wrap elementor-element-populated\">\n\t\t\t\t\t\t<div class=\"elementor-element elementor-element-9bb5096 elementor-widget-tablet__width-initial elementor-widget elementor-widget-heading\" data-id=\"9bb5096\" data-element_type=\"widget\" data-e-type=\"widget\" data-widget_type=\"heading.default\">\n\t\t\t\t<div class=\"elementor-widget-container\">\n\t\t\t\t\t<h1 class=\"elementor-heading-title elementor-size-default\">D\u00e9bloquez des solutions d\u2019embauche inclusives avec les Services d\u2019emploi accessibles<\/h1>\t\t\t\t<\/div>\n\t\t\t\t<\/div>\n\t\t\t\t<div class=\"elementor-element elementor-element-cb2ce54 elementor-widget elementor-widget-text-editor\" data-id=\"cb2ce54\" data-element_type=\"widget\" data-e-type=\"widget\" data-widget_type=\"text-editor.default\">\n\t\t\t\t<div class=\"elementor-widget-container\">\n\t\t\t\t\t\t\t\t\t<p>Aux Services d\u2019emploi accessibles, nous sommes sp\u00e9cialis\u00e9s dans la mise en relation d&#8217;employeurs de qualit\u00e9 avec des candidats hautement qualifi\u00e9s et motiv\u00e9s, tout en veillant \u00e0 ce que votre lieu de travail soit accessible et adapt\u00e9 aux personnes handicap\u00e9es. Avec un h\u00e9ritage remontant \u00e0 1982, notre \u00e9quipe exp\u00e9riment\u00e9e facilite des correspondances r\u00e9ussies entre employeurs et candidats dans la r\u00e9gion du Grand Toronto (RGT) et au-del\u00e0. Le mieux, c\u2019est que nos services vous sont offerts gratuitement, ce qui simplifie et rend plus efficace votre processus d&#8217;embauche.<\/p>\t\t\t\t\t\t\t\t<\/div>\n\t\t\t\t<\/div>\n\t\t\t\t\t<\/div>\n\t\t<\/div>\n\t\t\t\t<div class=\"elementor-column elementor-col-50 elementor-inner-column elementor-element elementor-element-78eaa1b profile-photo-hero\" data-id=\"78eaa1b\" data-element_type=\"column\" data-e-type=\"column\" data-settings=\"{&quot;background_background&quot;:&quot;classic&quot;}\">\n\t\t\t<div class=\"elementor-widget-wrap elementor-element-populated\">\n\t\t\t\t\t\t<div class=\"elementor-element elementor-element-877f3d6 elementor-widget elementor-widget-spacer\" data-id=\"877f3d6\" data-element_type=\"widget\" data-e-type=\"widget\" data-widget_type=\"spacer.default\">\n\t\t\t\t<div class=\"elementor-widget-container\">\n\t\t\t\t\t\t\t<div class=\"elementor-spacer\">\n\t\t\t<div class=\"elementor-spacer-inner\"><\/div>\n\t\t<\/div>\n\t\t\t\t\t\t<\/div>\n\t\t\t\t<\/div>\n\t\t\t\t\t<\/div>\n\t\t<\/div>\n\t\t\t\t\t<\/div>\n\t\t<\/section>\n\t\t\t\t\t<\/div>\n\t\t<\/div>\n\t\t\t\t\t<\/div>\n\t\t<\/section>\n\t\t\t\t<section class=\"elementor-section elementor-top-section elementor-element elementor-element-de6fb28 elementor-section-boxed elementor-section-height-default elementor-section-height-default\" data-id=\"de6fb28\" data-element_type=\"section\" data-e-type=\"section\">\n\t\t\t\t\t\t<div class=\"elementor-container elementor-column-gap-default\">\n\t\t\t\t\t<div class=\"elementor-column elementor-col-25 elementor-top-column elementor-element elementor-element-a50c080\" data-id=\"a50c080\" data-element_type=\"column\" data-e-type=\"column\">\n\t\t\t<div class=\"elementor-widget-wrap\">\n\t\t\t\t\t\t\t<\/div>\n\t\t<\/div>\n\t\t\t\t<div class=\"elementor-column elementor-col-50 elementor-top-column elementor-element elementor-element-1e2299a\" data-id=\"1e2299a\" data-element_type=\"column\" data-e-type=\"column\">\n\t\t\t<div class=\"elementor-widget-wrap elementor-element-populated\">\n\t\t\t\t\t\t<div class=\"elementor-element elementor-element-23830af elementor-widget elementor-widget-heading\" data-id=\"23830af\" data-element_type=\"widget\" data-e-type=\"widget\" data-widget_type=\"heading.default\">\n\t\t\t\t<div class=\"elementor-widget-container\">\n\t\t\t\t\t<h2 class=\"elementor-heading-title elementor-size-default\">Pourquoi nous choisir pour r\u00e9pondre \u00e0 vos besoins en mati\u00e8re de recrutement?<\/h2>\t\t\t\t<\/div>\n\t\t\t\t<\/div>\n\t\t\t\t<div class=\"elementor-element elementor-element-1c3e20d elementor-widget elementor-widget-text-editor\" data-id=\"1c3e20d\" data-element_type=\"widget\" data-e-type=\"widget\" data-widget_type=\"text-editor.default\">\n\t\t\t\t<div class=\"elementor-widget-container\">\n\t\t\t\t\t\t\t\t\t<p>Lorsque vous choisissez de collaborer avec les Services d\u2019emploi accessibles, vous b\u00e9n\u00e9ficiez d\u2019un sp\u00e9cialiste de l\u2019emploi d\u00e9di\u00e9 qui travaille en \u00e9troite collaboration avec vous pour comprendre de mani\u00e8re approfondie votre entreprise, votre culture et vos besoins pr\u00e9cis en mati\u00e8re de recrutement. Nous discutons de mani\u00e8re approfondie de votre environnement de travail et des comp\u00e9tences essentielles n\u00e9cessaires pour les postes disponibles. Forts de ces connaissances, nos sp\u00e9cialistes pr\u00e9s\u00e9lectionnent minutieusement les candidats, ce qui vous fait gagner un temps et des ressources pr\u00e9cieux dans le processus de recrutement.<\/p><p style=\"text-align: center;\">Nous vous pr\u00e9sentons ensuite nos meilleures recommandations, vous assurant ainsi l&rsquo;acc\u00e8s \u00e0 un bassin de candidats exceptionnels pr\u00eats \u00e0 contribuer positivement \u00e0 votre organisation. <\/p>\t\t\t\t\t\t\t\t<\/div>\n\t\t\t\t<\/div>\n\t\t\t\t<div class=\"elementor-element elementor-element-663f622 elementor-align-center elementor-widget elementor-widget-button\" data-id=\"663f622\" data-element_type=\"widget\" data-e-type=\"widget\" data-widget_type=\"button.default\">\n\t\t\t\t<div class=\"elementor-widget-container\">\n\t\t\t\t\t\t\t\t\t<div class=\"elementor-button-wrapper\">\n\t\t\t\t\t<a class=\"elementor-button elementor-button-link elementor-size-sm\" href=\"https:\/\/accessiblework.ca\/fr\/contactez-nous\/\">\n\t\t\t\t\t\t<span class=\"elementor-button-content-wrapper\">\n\t\t\t\t\t\t\t\t\t<span class=\"elementor-button-text\">Commencer<\/span>\n\t\t\t\t\t<\/span>\n\t\t\t\t\t<\/a>\n\t\t\t\t<\/div>\n\t\t\t\t\t\t\t\t<\/div>\n\t\t\t\t<\/div>\n\t\t\t\t\t<\/div>\n\t\t<\/div>\n\t\t\t\t<div class=\"elementor-column elementor-col-25 elementor-top-column elementor-element elementor-element-ba9896e\" data-id=\"ba9896e\" data-element_type=\"column\" data-e-type=\"column\">\n\t\t\t<div class=\"elementor-widget-wrap\">\n\t\t\t\t\t\t\t<\/div>\n\t\t<\/div>\n\t\t\t\t\t<\/div>\n\t\t<\/section>\n\t\t\t\t<section class=\"elementor-section elementor-top-section elementor-element elementor-element-3ddaa1a elementor-section-boxed elementor-section-height-default elementor-section-height-default\" data-id=\"3ddaa1a\" data-element_type=\"section\" data-e-type=\"section\">\n\t\t\t\t\t\t<div class=\"elementor-container elementor-column-gap-no\">\n\t\t\t\t\t<div class=\"elementor-column elementor-col-100 elementor-top-column elementor-element elementor-element-9571d7a\" data-id=\"9571d7a\" data-element_type=\"column\" data-e-type=\"column\" data-settings=\"{&quot;background_background&quot;:&quot;classic&quot;}\">\n\t\t\t<div class=\"elementor-widget-wrap elementor-element-populated\">\n\t\t\t\t\t\t<section class=\"elementor-section elementor-inner-section elementor-element elementor-element-4b2d0ea elementor-section-boxed elementor-section-height-default elementor-section-height-default\" data-id=\"4b2d0ea\" data-element_type=\"section\" data-e-type=\"section\" data-settings=\"{&quot;background_background&quot;:&quot;classic&quot;}\">\n\t\t\t\t\t\t<div class=\"elementor-container elementor-column-gap-default\">\n\t\t\t\t\t<div class=\"elementor-column elementor-col-50 elementor-inner-column elementor-element elementor-element-7131216\" data-id=\"7131216\" data-element_type=\"column\" data-e-type=\"column\">\n\t\t\t<div class=\"elementor-widget-wrap elementor-element-populated\">\n\t\t\t\t\t\t<div class=\"elementor-element elementor-element-eb56b35 elementor-widget elementor-widget-heading\" data-id=\"eb56b35\" data-element_type=\"widget\" data-e-type=\"widget\" data-widget_type=\"heading.default\">\n\t\t\t\t<div class=\"elementor-widget-container\">\n\t\t\t\t\t<h2 class=\"elementor-heading-title elementor-size-default\">Am\u00e9liorez la diversit\u00e9 de votre personnel gr\u00e2ce \u00e0 nos cours pour employeurs inclusifs disponibles sur Cortree.com<\/h2>\t\t\t\t<\/div>\n\t\t\t\t<\/div>\n\t\t\t\t<div class=\"elementor-element elementor-element-7994acf elementor-widget elementor-widget-text-editor\" data-id=\"7994acf\" data-element_type=\"widget\" data-e-type=\"widget\" data-widget_type=\"text-editor.default\">\n\t\t\t\t<div class=\"elementor-widget-container\">\n\t\t\t\t\t\t\t\t\t<p>Trouvez tout ce que vous devez savoir sur la cr\u00e9ation de lieux de travail inclusifs gr\u00e2ce \u00e0 nos cours pour les employeurs canadiens disponibles sur Cortree.com. B\u00e9n\u00e9ficiez de d\u00e9cennies d&rsquo;exp\u00e9rience, vous outillant avec des ressources pour embaucher et soutenir des employ\u00e9s diversifi\u00e9s.<\/p>\t\t\t\t\t\t\t\t<\/div>\n\t\t\t\t<\/div>\n\t\t\t\t<div class=\"elementor-element elementor-element-d55ac68 just-text elementor-widget elementor-widget-button\" data-id=\"d55ac68\" data-element_type=\"widget\" data-e-type=\"widget\" data-widget_type=\"button.default\">\n\t\t\t\t<div class=\"elementor-widget-container\">\n\t\t\t\t\t\t\t\t\t<div class=\"elementor-button-wrapper\">\n\t\t\t\t\t<a class=\"elementor-button elementor-button-link elementor-size-sm\" href=\"https:\/\/www.cortree.com\/courses\/employment-services\/\" target=\"_blank\">\n\t\t\t\t\t\t<span class=\"elementor-button-content-wrapper\">\n\t\t\t\t\t\t\t\t\t<span class=\"elementor-button-text\">Voir les cours sur Cortree \u2192<\/span>\n\t\t\t\t\t<\/span>\n\t\t\t\t\t<\/a>\n\t\t\t\t<\/div>\n\t\t\t\t\t\t\t\t<\/div>\n\t\t\t\t<\/div>\n\t\t\t\t\t<\/div>\n\t\t<\/div>\n\t\t\t\t<div class=\"elementor-column elementor-col-50 elementor-inner-column elementor-element elementor-element-d0b120a\" data-id=\"d0b120a\" data-element_type=\"column\" data-e-type=\"column\" data-settings=\"{&quot;background_background&quot;:&quot;classic&quot;}\">\n\t\t\t<div class=\"elementor-widget-wrap elementor-element-populated\">\n\t\t\t\t\t\t<div class=\"elementor-element elementor-element-fac2bb0 elementor-widget elementor-widget-spacer\" data-id=\"fac2bb0\" data-element_type=\"widget\" data-e-type=\"widget\" data-widget_type=\"spacer.default\">\n\t\t\t\t<div class=\"elementor-widget-container\">\n\t\t\t\t\t\t\t<div class=\"elementor-spacer\">\n\t\t\t<div class=\"elementor-spacer-inner\"><\/div>\n\t\t<\/div>\n\t\t\t\t\t\t<\/div>\n\t\t\t\t<\/div>\n\t\t\t\t\t<\/div>\n\t\t<\/div>\n\t\t\t\t\t<\/div>\n\t\t<\/section>\n\t\t\t\t\t<\/div>\n\t\t<\/div>\n\t\t\t\t\t<\/div>\n\t\t<\/section>\n\t\t\t\t<\/div>\n\t\t","protected":false},"excerpt":{"rendered":"<p>D\u00e9bloquez des solutions d\u2019embauche inclusives avec les Services d\u2019emploi accessibles Aux Services d\u2019emploi accessibles, nous sommes sp\u00e9cialis\u00e9s dans la mise en relation d&#8217;employeurs de qualit\u00e9 avec des candidats hautement qualifi\u00e9s et motiv\u00e9s, tout en veillant \u00e0 ce que votre lieu de travail soit accessible et adapt\u00e9 aux personnes handicap\u00e9es. Avec un h\u00e9ritage remontant \u00e0 1982, [&hellip;]<\/p>\n","protected":false},"author":6,"featured_media":0,"parent":0,"menu_order":0,"comment_status":"closed","ping_status":"closed","template":"","meta":{"footnotes":""},"class_list":["post-298","page","type-page","status-publish","hentry"],"yoast_head":"<!-- This site is optimized with the Yoast SEO plugin v27.3 - https:\/\/yoast.com\/product\/yoast-seo-wordpress\/ -->\n<title>Employeurs - Accessible Employment Services<\/title>\n<meta name=\"robots\" content=\"index, follow, max-snippet:-1, max-image-preview:large, max-video-preview:-1\" \/>\n<link rel=\"canonical\" href=\"https:\/\/accessiblework.ca\/fr\/employeurs\/\" \/>\n<meta property=\"og:locale\" content=\"fr_FR\" \/>\n<meta property=\"og:type\" content=\"article\" \/>\n<meta property=\"og:title\" content=\"Employeurs - Accessible Employment Services\" \/>\n<meta property=\"og:description\" content=\"D\u00e9bloquez des solutions d\u2019embauche inclusives avec les Services d\u2019emploi accessibles Aux Services d\u2019emploi accessibles, nous sommes sp\u00e9cialis\u00e9s dans la mise en relation d&#8217;employeurs de qualit\u00e9 avec des candidats hautement qualifi\u00e9s et motiv\u00e9s, tout en veillant \u00e0 ce que votre lieu de travail soit accessible et adapt\u00e9 aux personnes handicap\u00e9es. Avec un h\u00e9ritage remontant \u00e0 1982, [&hellip;]\" \/>\n<meta property=\"og:url\" content=\"https:\/\/accessiblework.ca\/fr\/employeurs\/\" \/>\n<meta property=\"og:site_name\" content=\"Accessible Employment Services\" \/>\n<meta property=\"article:modified_time\" content=\"2025-05-16T19:50:05+00:00\" \/>\n<meta name=\"twitter:card\" content=\"summary_large_image\" \/>\n<meta name=\"twitter:label1\" content=\"Dur\u00e9e de lecture estim\u00e9e\" \/>\n\t<meta name=\"twitter:data1\" content=\"2 minutes\" \/>\n<script type=\"application\/ld+json\" class=\"yoast-schema-graph\">{\"@context\":\"https:\\\/\\\/schema.org\",\"@graph\":[{\"@type\":\"WebPage\",\"@id\":\"https:\\\/\\\/accessiblework.ca\\\/fr\\\/employeurs\\\/\",\"url\":\"https:\\\/\\\/accessiblework.ca\\\/fr\\\/employeurs\\\/\",\"name\":\"Employeurs - Accessible Employment Services\",\"isPartOf\":{\"@id\":\"https:\\\/\\\/accessiblework.ca\\\/fr\\\/#website\"},\"datePublished\":\"2023-08-30T18:17:19+00:00\",\"dateModified\":\"2025-05-16T19:50:05+00:00\",\"breadcrumb\":{\"@id\":\"https:\\\/\\\/accessiblework.ca\\\/fr\\\/employeurs\\\/#breadcrumb\"},\"inLanguage\":\"fr-FR\",\"potentialAction\":[{\"@type\":\"ReadAction\",\"target\":[\"https:\\\/\\\/accessiblework.ca\\\/fr\\\/employeurs\\\/\"]}]},{\"@type\":\"BreadcrumbList\",\"@id\":\"https:\\\/\\\/accessiblework.ca\\\/fr\\\/employeurs\\\/#breadcrumb\",\"itemListElement\":[{\"@type\":\"ListItem\",\"position\":1,\"name\":\"Home\",\"item\":\"https:\\\/\\\/accessiblework.ca\\\/fr\\\/services-demploi-accessibles\\\/\"},{\"@type\":\"ListItem\",\"position\":2,\"name\":\"Employeurs\"}]},{\"@type\":\"WebSite\",\"@id\":\"https:\\\/\\\/accessiblework.ca\\\/fr\\\/#website\",\"url\":\"https:\\\/\\\/accessiblework.ca\\\/fr\\\/\",\"name\":\"Accessible Employment Services\",\"description\":\"\",\"publisher\":{\"@id\":\"https:\\\/\\\/accessiblework.ca\\\/fr\\\/#organization\"},\"potentialAction\":[{\"@type\":\"SearchAction\",\"target\":{\"@type\":\"EntryPoint\",\"urlTemplate\":\"https:\\\/\\\/accessiblework.ca\\\/fr\\\/?s={search_term_string}\"},\"query-input\":{\"@type\":\"PropertyValueSpecification\",\"valueRequired\":true,\"valueName\":\"search_term_string\"}}],\"inLanguage\":\"fr-FR\"},{\"@type\":\"Organization\",\"@id\":\"https:\\\/\\\/accessiblework.ca\\\/fr\\\/#organization\",\"name\":\"Accessible Employment Services\",\"url\":\"https:\\\/\\\/accessiblework.ca\\\/fr\\\/\",\"logo\":{\"@type\":\"ImageObject\",\"inLanguage\":\"fr-FR\",\"@id\":\"https:\\\/\\\/accessiblework.ca\\\/fr\\\/#\\\/schema\\\/logo\\\/image\\\/\",\"url\":\"https:\\\/\\\/accessiblework.ca\\\/wp-content\\\/uploads\\\/2023\\\/07\\\/des-logo-3-1.svg\",\"contentUrl\":\"https:\\\/\\\/accessiblework.ca\\\/wp-content\\\/uploads\\\/2023\\\/07\\\/des-logo-3-1.svg\",\"width\":1920,\"height\":512,\"caption\":\"Accessible Employment Services\"},\"image\":{\"@id\":\"https:\\\/\\\/accessiblework.ca\\\/fr\\\/#\\\/schema\\\/logo\\\/image\\\/\"}}]}<\/script>\n<!-- \/ Yoast SEO plugin. -->","yoast_head_json":{"title":"Employeurs - Accessible Employment Services","robots":{"index":"index","follow":"follow","max-snippet":"max-snippet:-1","max-image-preview":"max-image-preview:large","max-video-preview":"max-video-preview:-1"},"canonical":"https:\/\/accessiblework.ca\/fr\/employeurs\/","og_locale":"fr_FR","og_type":"article","og_title":"Employeurs - Accessible Employment Services","og_description":"D\u00e9bloquez des solutions d\u2019embauche inclusives avec les Services d\u2019emploi accessibles Aux Services d\u2019emploi accessibles, nous sommes sp\u00e9cialis\u00e9s dans la mise en relation d&#8217;employeurs de qualit\u00e9 avec des candidats hautement qualifi\u00e9s et motiv\u00e9s, tout en veillant \u00e0 ce que votre lieu de travail soit accessible et adapt\u00e9 aux personnes handicap\u00e9es. Avec un h\u00e9ritage remontant \u00e0 1982, [&hellip;]","og_url":"https:\/\/accessiblework.ca\/fr\/employeurs\/","og_site_name":"Accessible Employment Services","article_modified_time":"2025-05-16T19:50:05+00:00","twitter_card":"summary_large_image","twitter_misc":{"Dur\u00e9e de lecture estim\u00e9e":"2 minutes"},"schema":{"@context":"https:\/\/schema.org","@graph":[{"@type":"WebPage","@id":"https:\/\/accessiblework.ca\/fr\/employeurs\/","url":"https:\/\/accessiblework.ca\/fr\/employeurs\/","name":"Employeurs - Accessible Employment Services","isPartOf":{"@id":"https:\/\/accessiblework.ca\/fr\/#website"},"datePublished":"2023-08-30T18:17:19+00:00","dateModified":"2025-05-16T19:50:05+00:00","breadcrumb":{"@id":"https:\/\/accessiblework.ca\/fr\/employeurs\/#breadcrumb"},"inLanguage":"fr-FR","potentialAction":[{"@type":"ReadAction","target":["https:\/\/accessiblework.ca\/fr\/employeurs\/"]}]},{"@type":"BreadcrumbList","@id":"https:\/\/accessiblework.ca\/fr\/employeurs\/#breadcrumb","itemListElement":[{"@type":"ListItem","position":1,"name":"Home","item":"https:\/\/accessiblework.ca\/fr\/services-demploi-accessibles\/"},{"@type":"ListItem","position":2,"name":"Employeurs"}]},{"@type":"WebSite","@id":"https:\/\/accessiblework.ca\/fr\/#website","url":"https:\/\/accessiblework.ca\/fr\/","name":"Accessible Employment Services","description":"","publisher":{"@id":"https:\/\/accessiblework.ca\/fr\/#organization"},"potentialAction":[{"@type":"SearchAction","target":{"@type":"EntryPoint","urlTemplate":"https:\/\/accessiblework.ca\/fr\/?s={search_term_string}"},"query-input":{"@type":"PropertyValueSpecification","valueRequired":true,"valueName":"search_term_string"}}],"inLanguage":"fr-FR"},{"@type":"Organization","@id":"https:\/\/accessiblework.ca\/fr\/#organization","name":"Accessible Employment Services","url":"https:\/\/accessiblework.ca\/fr\/","logo":{"@type":"ImageObject","inLanguage":"fr-FR","@id":"https:\/\/accessiblework.ca\/fr\/#\/schema\/logo\/image\/","url":"https:\/\/accessiblework.ca\/wp-content\/uploads\/2023\/07\/des-logo-3-1.svg","contentUrl":"https:\/\/accessiblework.ca\/wp-content\/uploads\/2023\/07\/des-logo-3-1.svg","width":1920,"height":512,"caption":"Accessible Employment Services"},"image":{"@id":"https:\/\/accessiblework.ca\/fr\/#\/schema\/logo\/image\/"}}]}},"_links":{"self":[{"href":"https:\/\/accessiblework.ca\/fr\/wp-json\/wp\/v2\/pages\/298","targetHints":{"allow":["GET"]}}],"collection":[{"href":"https:\/\/accessiblework.ca\/fr\/wp-json\/wp\/v2\/pages"}],"about":[{"href":"https:\/\/accessiblework.ca\/fr\/wp-json\/wp\/v2\/types\/page"}],"author":[{"embeddable":true,"href":"https:\/\/accessiblework.ca\/fr\/wp-json\/wp\/v2\/users\/6"}],"replies":[{"embeddable":true,"href":"https:\/\/accessiblework.ca\/fr\/wp-json\/wp\/v2\/comments?post=298"}],"version-history":[{"count":0,"href":"https:\/\/accessiblework.ca\/fr\/wp-json\/wp\/v2\/pages\/298\/revisions"}],"wp:attachment":[{"href":"https:\/\/accessiblework.ca\/fr\/wp-json\/wp\/v2\/media?parent=298"}],"curies":[{"name":"wp","href":"https:\/\/api.w.org\/{rel}","templated":true}]}}