{"id":274,"date":"2023-08-30T19:19:23","date_gmt":"2023-08-30T19:19:23","guid":{"rendered":"https:\/\/accessiblework.ca\/?page_id=274"},"modified":"2023-10-19T22:27:21","modified_gmt":"2023-10-19T22:27:21","slug":"contactez-nous","status":"publish","type":"page","link":"https:\/\/accessiblework.ca\/fr\/contactez-nous\/","title":{"rendered":"Contactez-nous"},"content":{"rendered":"\t\t<div data-elementor-type=\"wp-page\" data-elementor-id=\"274\" class=\"elementor elementor-274 elementor-74\" data-elementor-post-type=\"page\">\n\t\t\t\t\t\t<section class=\"elementor-section elementor-top-section elementor-element elementor-element-9ade70d elementor-section-boxed elementor-section-height-default elementor-section-height-default\" data-id=\"9ade70d\" data-element_type=\"section\" data-e-type=\"section\">\n\t\t\t\t\t\t<div class=\"elementor-container elementor-column-gap-default\">\n\t\t\t\t\t<div class=\"elementor-column elementor-col-100 elementor-top-column elementor-element elementor-element-640b678 default-page-header\" data-id=\"640b678\" data-element_type=\"column\" data-e-type=\"column\" data-settings=\"{&quot;background_background&quot;:&quot;classic&quot;}\">\n\t\t\t<div class=\"elementor-widget-wrap elementor-element-populated\">\n\t\t\t\t\t\t<section class=\"elementor-section elementor-inner-section elementor-element elementor-element-c22d5f9 elementor-section-boxed elementor-section-height-default elementor-section-height-default\" data-id=\"c22d5f9\" data-element_type=\"section\" data-e-type=\"section\">\n\t\t\t\t\t\t<div class=\"elementor-container elementor-column-gap-default\">\n\t\t\t\t\t<div class=\"elementor-column elementor-col-100 elementor-inner-column elementor-element elementor-element-75bf2ec default-page-header\" data-id=\"75bf2ec\" data-element_type=\"column\" data-e-type=\"column\">\n\t\t\t<div class=\"elementor-widget-wrap elementor-element-populated\">\n\t\t\t\t\t\t<div class=\"elementor-element elementor-element-e31558c animated-slow elementor-widget elementor-widget-heading\" data-id=\"e31558c\" data-element_type=\"widget\" data-e-type=\"widget\" data-settings=\"{&quot;_animation&quot;:&quot;none&quot;}\" data-widget_type=\"heading.default\">\n\t\t\t\t<div class=\"elementor-widget-container\">\n\t\t\t\t\t<h1 class=\"elementor-heading-title elementor-size-default\">Contactez les Services d'emploi accessibles pour des solutions d'emploi inclusives<\/h1>\t\t\t\t<\/div>\n\t\t\t\t<\/div>\n\t\t\t\t<div class=\"elementor-element elementor-element-ad41a06 animated-slow elementor-widget elementor-widget-text-editor\" data-id=\"ad41a06\" data-element_type=\"widget\" data-e-type=\"widget\" data-settings=\"{&quot;_animation&quot;:&quot;none&quot;}\" data-widget_type=\"text-editor.default\">\n\t\t\t\t<div class=\"elementor-widget-container\">\n\t\t\t\t\t\t\t\t\t<p style=\"text-align: center;\"><span class=\"ui-provider ec azt azu azv azw azx azy azz baa bab bac bae baf bag bah bai baj bak bal bam ban bao bap baq bar bas bat bau bav baw bax bay baz bba bbb\" dir=\"ltr\">Vous avez des questions ou avez besoin d&rsquo;aide? Nous sommes l\u00e0 pour vous aider. Remplissez le formulaire ci-dessous ou appelez-nous au<\/span>\u00a0<a href=\"tel:16479331426\">647-933-1426<\/a> <span class=\"ui-provider ec azt azu azv azw azx azy azz baa bab bac bae baf bag bah bai baj bak bal bam ban bao bap baq bar bas bat bau bav baw bax bay baz bba bbb\" dir=\"ltr\">pour entrer en contact avec l&rsquo;\u00e9quipe des Services d&#8217;emploi accessibles. Nous avons h\u00e2te de vous aider dans votre parcours vers un emploi inclusif et accessible.<\/span><\/p>\t\t\t\t\t\t\t\t<\/div>\n\t\t\t\t<\/div>\n\t\t\t\t<div class=\"elementor-element elementor-element-ef31b00 getstarted animated-slow elementor-widget elementor-widget-html\" data-id=\"ef31b00\" data-element_type=\"widget\" data-e-type=\"widget\" data-settings=\"{&quot;_animation&quot;:&quot;none&quot;}\" data-widget_type=\"html.default\">\n\t\t\t\t<div class=\"elementor-widget-container\">\n\t\t\t\t\t<style id=\"wpforms-css-vars-295\">\n\t\t\t\t#wpforms-295 {\n\t\t\t\t\n\t\t\t}\n\t\t\t<\/style><div class=\"wpforms-container wpforms-container-full wpforms-render-modern\" id=\"wpforms-295\"><form id=\"wpforms-form-295\" class=\"wpforms-validate wpforms-form wpforms-ajax-form\" data-formid=\"295\" method=\"post\" enctype=\"multipart\/form-data\" action=\"\/fr\/wp-json\/wp\/v2\/pages\/274\" data-token=\"da7764b2abb405068b9de4bada3d08b9\" data-token-time=\"1775690423\"><noscript class=\"wpforms-error-noscript\">Veuillez activer JavaScript dans votre navigateur pour remplir ce formulaire.<\/noscript><div id=\"wpforms-error-noscript\" style=\"display: none;\">Veuillez activer JavaScript dans votre navigateur pour remplir ce formulaire.<\/div><div class=\"wpforms-field-container\"><div id=\"wpforms-295-field_3-container\" class=\"wpforms-field wpforms-field-text\" data-field-id=\"3\"><label class=\"wpforms-field-label\" for=\"wpforms-295-field_3\">Nom <span class=\"wpforms-required-label\" aria-hidden=\"true\">*<\/span><\/label><input type=\"text\" id=\"wpforms-295-field_3\" class=\"wpforms-field-large wpforms-field-required\" name=\"wpforms[fields][3]\" aria-errormessage=\"wpforms-295-field_3-error\" required><\/div><div id=\"wpforms-295-field_1-container\" class=\"wpforms-field wpforms-field-email\" data-field-id=\"1\"><label class=\"wpforms-field-label\" for=\"wpforms-295-field_1\">Courriel <span class=\"wpforms-required-label\" aria-hidden=\"true\">*<\/span><\/label><input type=\"email\" id=\"wpforms-295-field_1\" class=\"wpforms-field-large wpforms-field-required\" name=\"wpforms[fields][1]\" spellcheck=\"false\" aria-errormessage=\"wpforms-295-field_1-error\" required><\/div><div id=\"wpforms-295-field_4-container\" class=\"wpforms-field wpforms-field-text\" data-field-id=\"4\"><label class=\"wpforms-field-label\" for=\"wpforms-295-field_4\">Num\u00e9ro de t\u00e9l\u00e9phone <span class=\"wpforms-required-label\" aria-hidden=\"true\">*<\/span><\/label><input type=\"text\" id=\"wpforms-295-field_4\" class=\"wpforms-field-large wpforms-field-required\" name=\"wpforms[fields][4]\" aria-errormessage=\"wpforms-295-field_4-error\" required><\/div><div id=\"wpforms-295-field_5-container\" class=\"wpforms-field wpforms-field-text\" data-field-id=\"5\"><label class=\"wpforms-field-label\" for=\"wpforms-295-field_5\">Ville o\u00f9 vous r\u00e9sidez actuellement<\/label><input type=\"text\" id=\"wpforms-295-field_5\" class=\"wpforms-field-large\" name=\"wpforms[fields][5]\" aria-errormessage=\"wpforms-295-field_5-error\" ><\/div><div id=\"wpforms-295-field_6-container\" class=\"wpforms-field wpforms-field-radio wpforms-list-2-columns\" data-field-id=\"6\"><fieldset><legend class=\"wpforms-field-label\">\u00cates-vous un chercheur d&#039;emploi ou un employeur?<\/legend><ul id=\"wpforms-295-field_6\"><li class=\"choice-1 depth-1\"><input type=\"radio\" id=\"wpforms-295-field_6_1\" name=\"wpforms[fields][6]\" value=\"Chercheur d&#039;emploi\" aria-errormessage=\"wpforms-295-field_6_1-error\"  ><label class=\"wpforms-field-label-inline\" for=\"wpforms-295-field_6_1\">Chercheur d'emploi<\/label><\/li><li class=\"choice-2 depth-1\"><input type=\"radio\" id=\"wpforms-295-field_6_2\" name=\"wpforms[fields][6]\" value=\"Employeur\" aria-errormessage=\"wpforms-295-field_6_2-error\"  ><label class=\"wpforms-field-label-inline\" for=\"wpforms-295-field_6_2\">Employeur<\/label><\/li><\/ul><\/fieldset><\/div><div id=\"wpforms-295-field_2-container\" class=\"wpforms-field wpforms-field-textarea\" data-field-id=\"2\"><label class=\"wpforms-field-label\" for=\"wpforms-295-field_2\">Comment pouvons-nous vous?<\/label><textarea id=\"wpforms-295-field_2\" class=\"wpforms-field-medium\" name=\"wpforms[fields][2]\" aria-errormessage=\"wpforms-295-field_2-error\" ><\/textarea><\/div><\/div><!-- .wpforms-field-container --><div class=\"wpforms-submit-container\" ><input type=\"hidden\" name=\"wpforms[id]\" value=\"295\"><input type=\"hidden\" name=\"page_title\" value=\"\"><input type=\"hidden\" name=\"page_url\" value=\"https:\/\/accessiblework.ca\/fr\/wp-json\/wp\/v2\/pages\/274\"><input type=\"hidden\" name=\"url_referer\" value=\"\"><button type=\"submit\" name=\"wpforms[submit]\" id=\"wpforms-submit-295\" class=\"wpforms-submit\" data-alt-text=\"Sending...\" data-submit-text=\"Soumettre\" aria-live=\"assertive\" value=\"wpforms-submit\">Soumettre<\/button><img decoding=\"async\" src=\"https:\/\/accessiblework.ca\/wp-content\/plugins\/wpforms-lite\/assets\/images\/submit-spin.svg\" class=\"wpforms-submit-spinner\" style=\"display: none;\" width=\"26\" height=\"26\" alt=\"Chargement en cours\"><\/div><\/form><\/div>  <!-- .wpforms-container -->\t\t\t\t<\/div>\n\t\t\t\t<\/div>\n\t\t\t\t\t<\/div>\n\t\t<\/div>\n\t\t\t\t\t<\/div>\n\t\t<\/section>\n\t\t\t\t\t<\/div>\n\t\t<\/div>\n\t\t\t\t\t<\/div>\n\t\t<\/section>\n\t\t\t\t<\/div>\n\t\t","protected":false},"excerpt":{"rendered":"<p>Contactez les Services d&#8217;emploi accessibles pour des solutions d&#8217;emploi inclusives Vous avez des questions ou avez besoin d&rsquo;aide? Nous sommes l\u00e0 pour vous aider. Remplissez le formulaire ci-dessous ou appelez-nous au\u00a0647-933-1426 pour entrer en contact avec l&rsquo;\u00e9quipe des Services d&#8217;emploi accessibles. Nous avons h\u00e2te de vous aider dans votre parcours vers un emploi inclusif et [&hellip;]<\/p>\n","protected":false},"author":2,"featured_media":0,"parent":0,"menu_order":0,"comment_status":"closed","ping_status":"closed","template":"","meta":{"footnotes":""},"class_list":["post-274","page","type-page","status-publish","hentry"],"yoast_head":"<!-- This site is optimized with the Yoast SEO plugin v27.3 - https:\/\/yoast.com\/product\/yoast-seo-wordpress\/ -->\n<title>Contactez-nous - Accessible Employment Services<\/title>\n<meta name=\"robots\" content=\"index, follow, max-snippet:-1, max-image-preview:large, max-video-preview:-1\" \/>\n<link rel=\"canonical\" href=\"https:\/\/accessiblework.ca\/fr\/contactez-nous\/\" \/>\n<meta property=\"og:locale\" content=\"fr_FR\" \/>\n<meta property=\"og:type\" content=\"article\" \/>\n<meta property=\"og:title\" content=\"Contactez-nous - Accessible Employment Services\" \/>\n<meta property=\"og:description\" content=\"Contactez les Services d&#8217;emploi accessibles pour des solutions d&#8217;emploi inclusives Vous avez des questions ou avez besoin d&rsquo;aide? Nous sommes l\u00e0 pour vous aider. Remplissez le formulaire ci-dessous ou appelez-nous au\u00a0647-933-1426 pour entrer en contact avec l&rsquo;\u00e9quipe des Services d&#8217;emploi accessibles. Nous avons h\u00e2te de vous aider dans votre parcours vers un emploi inclusif et [&hellip;]\" \/>\n<meta property=\"og:url\" content=\"https:\/\/accessiblework.ca\/fr\/contactez-nous\/\" \/>\n<meta property=\"og:site_name\" content=\"Accessible Employment Services\" \/>\n<meta property=\"article:modified_time\" content=\"2023-10-19T22:27:21+00:00\" \/>\n<meta name=\"twitter:card\" content=\"summary_large_image\" \/>\n<meta name=\"twitter:label1\" content=\"Dur\u00e9e de lecture estim\u00e9e\" \/>\n\t<meta name=\"twitter:data1\" content=\"1 minute\" \/>\n<script type=\"application\/ld+json\" class=\"yoast-schema-graph\">{\"@context\":\"https:\\\/\\\/schema.org\",\"@graph\":[{\"@type\":\"WebPage\",\"@id\":\"https:\\\/\\\/accessiblework.ca\\\/fr\\\/contactez-nous\\\/\",\"url\":\"https:\\\/\\\/accessiblework.ca\\\/fr\\\/contactez-nous\\\/\",\"name\":\"Contactez-nous - Accessible Employment Services\",\"isPartOf\":{\"@id\":\"https:\\\/\\\/accessiblework.ca\\\/fr\\\/#website\"},\"datePublished\":\"2023-08-30T19:19:23+00:00\",\"dateModified\":\"2023-10-19T22:27:21+00:00\",\"breadcrumb\":{\"@id\":\"https:\\\/\\\/accessiblework.ca\\\/fr\\\/contactez-nous\\\/#breadcrumb\"},\"inLanguage\":\"fr-FR\",\"potentialAction\":[{\"@type\":\"ReadAction\",\"target\":[\"https:\\\/\\\/accessiblework.ca\\\/fr\\\/contactez-nous\\\/\"]}]},{\"@type\":\"BreadcrumbList\",\"@id\":\"https:\\\/\\\/accessiblework.ca\\\/fr\\\/contactez-nous\\\/#breadcrumb\",\"itemListElement\":[{\"@type\":\"ListItem\",\"position\":1,\"name\":\"Home\",\"item\":\"https:\\\/\\\/accessiblework.ca\\\/fr\\\/services-demploi-accessibles\\\/\"},{\"@type\":\"ListItem\",\"position\":2,\"name\":\"Contactez-nous\"}]},{\"@type\":\"WebSite\",\"@id\":\"https:\\\/\\\/accessiblework.ca\\\/fr\\\/#website\",\"url\":\"https:\\\/\\\/accessiblework.ca\\\/fr\\\/\",\"name\":\"Accessible Employment Services\",\"description\":\"\",\"publisher\":{\"@id\":\"https:\\\/\\\/accessiblework.ca\\\/fr\\\/#organization\"},\"potentialAction\":[{\"@type\":\"SearchAction\",\"target\":{\"@type\":\"EntryPoint\",\"urlTemplate\":\"https:\\\/\\\/accessiblework.ca\\\/fr\\\/?s={search_term_string}\"},\"query-input\":{\"@type\":\"PropertyValueSpecification\",\"valueRequired\":true,\"valueName\":\"search_term_string\"}}],\"inLanguage\":\"fr-FR\"},{\"@type\":\"Organization\",\"@id\":\"https:\\\/\\\/accessiblework.ca\\\/fr\\\/#organization\",\"name\":\"Accessible Employment Services\",\"url\":\"https:\\\/\\\/accessiblework.ca\\\/fr\\\/\",\"logo\":{\"@type\":\"ImageObject\",\"inLanguage\":\"fr-FR\",\"@id\":\"https:\\\/\\\/accessiblework.ca\\\/fr\\\/#\\\/schema\\\/logo\\\/image\\\/\",\"url\":\"https:\\\/\\\/accessiblework.ca\\\/wp-content\\\/uploads\\\/2023\\\/07\\\/des-logo-3-1.svg\",\"contentUrl\":\"https:\\\/\\\/accessiblework.ca\\\/wp-content\\\/uploads\\\/2023\\\/07\\\/des-logo-3-1.svg\",\"width\":1920,\"height\":512,\"caption\":\"Accessible Employment Services\"},\"image\":{\"@id\":\"https:\\\/\\\/accessiblework.ca\\\/fr\\\/#\\\/schema\\\/logo\\\/image\\\/\"}}]}<\/script>\n<!-- \/ Yoast SEO plugin. -->","yoast_head_json":{"title":"Contactez-nous - Accessible Employment Services","robots":{"index":"index","follow":"follow","max-snippet":"max-snippet:-1","max-image-preview":"max-image-preview:large","max-video-preview":"max-video-preview:-1"},"canonical":"https:\/\/accessiblework.ca\/fr\/contactez-nous\/","og_locale":"fr_FR","og_type":"article","og_title":"Contactez-nous - Accessible Employment Services","og_description":"Contactez les Services d&#8217;emploi accessibles pour des solutions d&#8217;emploi inclusives Vous avez des questions ou avez besoin d&rsquo;aide? Nous sommes l\u00e0 pour vous aider. Remplissez le formulaire ci-dessous ou appelez-nous au\u00a0647-933-1426 pour entrer en contact avec l&rsquo;\u00e9quipe des Services d&#8217;emploi accessibles. Nous avons h\u00e2te de vous aider dans votre parcours vers un emploi inclusif et [&hellip;]","og_url":"https:\/\/accessiblework.ca\/fr\/contactez-nous\/","og_site_name":"Accessible Employment Services","article_modified_time":"2023-10-19T22:27:21+00:00","twitter_card":"summary_large_image","twitter_misc":{"Dur\u00e9e de lecture estim\u00e9e":"1 minute"},"schema":{"@context":"https:\/\/schema.org","@graph":[{"@type":"WebPage","@id":"https:\/\/accessiblework.ca\/fr\/contactez-nous\/","url":"https:\/\/accessiblework.ca\/fr\/contactez-nous\/","name":"Contactez-nous - Accessible Employment Services","isPartOf":{"@id":"https:\/\/accessiblework.ca\/fr\/#website"},"datePublished":"2023-08-30T19:19:23+00:00","dateModified":"2023-10-19T22:27:21+00:00","breadcrumb":{"@id":"https:\/\/accessiblework.ca\/fr\/contactez-nous\/#breadcrumb"},"inLanguage":"fr-FR","potentialAction":[{"@type":"ReadAction","target":["https:\/\/accessiblework.ca\/fr\/contactez-nous\/"]}]},{"@type":"BreadcrumbList","@id":"https:\/\/accessiblework.ca\/fr\/contactez-nous\/#breadcrumb","itemListElement":[{"@type":"ListItem","position":1,"name":"Home","item":"https:\/\/accessiblework.ca\/fr\/services-demploi-accessibles\/"},{"@type":"ListItem","position":2,"name":"Contactez-nous"}]},{"@type":"WebSite","@id":"https:\/\/accessiblework.ca\/fr\/#website","url":"https:\/\/accessiblework.ca\/fr\/","name":"Accessible Employment Services","description":"","publisher":{"@id":"https:\/\/accessiblework.ca\/fr\/#organization"},"potentialAction":[{"@type":"SearchAction","target":{"@type":"EntryPoint","urlTemplate":"https:\/\/accessiblework.ca\/fr\/?s={search_term_string}"},"query-input":{"@type":"PropertyValueSpecification","valueRequired":true,"valueName":"search_term_string"}}],"inLanguage":"fr-FR"},{"@type":"Organization","@id":"https:\/\/accessiblework.ca\/fr\/#organization","name":"Accessible Employment Services","url":"https:\/\/accessiblework.ca\/fr\/","logo":{"@type":"ImageObject","inLanguage":"fr-FR","@id":"https:\/\/accessiblework.ca\/fr\/#\/schema\/logo\/image\/","url":"https:\/\/accessiblework.ca\/wp-content\/uploads\/2023\/07\/des-logo-3-1.svg","contentUrl":"https:\/\/accessiblework.ca\/wp-content\/uploads\/2023\/07\/des-logo-3-1.svg","width":1920,"height":512,"caption":"Accessible Employment Services"},"image":{"@id":"https:\/\/accessiblework.ca\/fr\/#\/schema\/logo\/image\/"}}]}},"_links":{"self":[{"href":"https:\/\/accessiblework.ca\/fr\/wp-json\/wp\/v2\/pages\/274","targetHints":{"allow":["GET"]}}],"collection":[{"href":"https:\/\/accessiblework.ca\/fr\/wp-json\/wp\/v2\/pages"}],"about":[{"href":"https:\/\/accessiblework.ca\/fr\/wp-json\/wp\/v2\/types\/page"}],"author":[{"embeddable":true,"href":"https:\/\/accessiblework.ca\/fr\/wp-json\/wp\/v2\/users\/2"}],"replies":[{"embeddable":true,"href":"https:\/\/accessiblework.ca\/fr\/wp-json\/wp\/v2\/comments?post=274"}],"version-history":[{"count":0,"href":"https:\/\/accessiblework.ca\/fr\/wp-json\/wp\/v2\/pages\/274\/revisions"}],"wp:attachment":[{"href":"https:\/\/accessiblework.ca\/fr\/wp-json\/wp\/v2\/media?parent=274"}],"curies":[{"name":"wp","href":"https:\/\/api.w.org\/{rel}","templated":true}]}}